{"id":1643,"date":"2021-03-11T17:32:36","date_gmt":"2021-03-11T16:32:36","guid":{"rendered":"https:\/\/www.selfglobe.com\/?page_id=1643"},"modified":"2021-03-11T17:57:05","modified_gmt":"2021-03-11T16:57:05","slug":"self-globe-dans-le-monde","status":"publish","type":"page","link":"https:\/\/www.selfglobe.com\/fr\/entreprise\/self-globe-dans-le-monde\/","title":{"rendered":"Self Globe dans le monde"},"content":{"rendered":"\n<p><strong>Les grands nombres d&rsquo;un r\u00e9seau international.<\/strong><\/p>\n\n\n\n<p>La r\u00e9putation acquise par Self Globe au fil des ans et sur la sc\u00e8ne italienne lui a permis d&rsquo;exporter son mod\u00e8le commercial r\u00e9volutionnaire au-del\u00e0 des fronti\u00e8res. Plus de trente ans d&rsquo;exp\u00e9rience dans les secteurs technologique et agroalimentaire ont jet\u00e9 les bases pour d\u00e9velopper un r\u00e9seau de contacts dans le monde entier (de l&rsquo;Asie au Moyen-Orient, de l&rsquo;Am\u00e9rique du Nord \u00e0 l&rsquo;Am\u00e9rique du Sud, des Pays africains aux Pays europ\u00e9ens, etc.)<\/p>\n\n\n\n<p>Deux usines de fabrication, un si\u00e8ge l\u00e9gal et l&rsquo;autre pleinement op\u00e9rationnelle. Nos unit\u00e9s de transformation alimentaire sont pr\u00e9sentes en Italie comme dans le reste du monde et tous les services que nous offrons d\u00e9passent le territoire national.<\/p>\n","protected":false},"excerpt":{"rendered":"<p>Les grands nombres d&rsquo;un r\u00e9seau international. La r\u00e9putation acquise par Self Globe au fil des&#8230;<\/p>\n","protected":false},"author":1,"featured_media":0,"parent":1458,"menu_order":0,"comment_status":"closed","ping_status":"closed","template":"page-templates\/dove.php","meta":[],"acf":[],"yoast_head":"<!-- This site is optimized with the Yoast SEO plugin v21.8.1 - https:\/\/yoast.com\/wordpress\/plugins\/seo\/ -->\n<title>Self Globe dans le monde - Self Globe | D\u00e9veloppement rural et cha\u00eene agroalimentaire<\/title>\n<meta name=\"robots\" content=\"index, follow, max-snippet:-1, max-image-preview:large, max-video-preview:-1\" \/>\n<link rel=\"canonical\" href=\"https:\/\/www.selfglobe.com\/fr\/entreprise\/self-globe-dans-le-monde\/\" \/>\n<meta property=\"og:locale\" content=\"fr_FR\" \/>\n<meta property=\"og:type\" content=\"article\" \/>\n<meta property=\"og:title\" content=\"Self Globe dans le monde - Self Globe | D\u00e9veloppement rural et cha\u00eene agroalimentaire\" \/>\n<meta property=\"og:description\" content=\"Les grands nombres d&rsquo;un r\u00e9seau international. La r\u00e9putation acquise par Self Globe au fil des...\" \/>\n<meta property=\"og:url\" content=\"https:\/\/www.selfglobe.com\/fr\/entreprise\/self-globe-dans-le-monde\/\" \/>\n<meta property=\"og:site_name\" content=\"Self Globe | D\u00e9veloppement rural et cha\u00eene agroalimentaire\" \/>\n<meta property=\"article:publisher\" content=\"https:\/\/www.facebook.com\/selfglobe\/\" \/>\n<meta property=\"article:modified_time\" content=\"2021-03-11T16:57:05+00:00\" \/>\n<meta property=\"og:image\" content=\"https:\/\/www.selfglobe.com\/wp-content\/uploads\/2022\/02\/logo-seo.jpg\" \/>\n\t<meta property=\"og:image:width\" content=\"1000\" \/>\n\t<meta property=\"og:image:height\" content=\"600\" \/>\n\t<meta property=\"og:image:type\" content=\"image\/jpeg\" \/>\n<meta name=\"twitter:card\" content=\"summary_large_image\" \/>\n<meta name=\"twitter:label1\" content=\"Dur\u00e9e de lecture estim\u00e9e\" \/>\n\t<meta name=\"twitter:data1\" content=\"1 minute\" \/>\n<script type=\"application\/ld+json\" class=\"yoast-schema-graph\">{\"@context\":\"https:\/\/schema.org\",\"@graph\":[{\"@type\":\"WebPage\",\"@id\":\"https:\/\/www.selfglobe.com\/fr\/entreprise\/self-globe-dans-le-monde\/\",\"url\":\"https:\/\/www.selfglobe.com\/fr\/entreprise\/self-globe-dans-le-monde\/\",\"name\":\"Self Globe dans le monde - Self Globe | D\u00e9veloppement rural et cha\u00eene agroalimentaire\",\"isPartOf\":{\"@id\":\"https:\/\/www.selfglobe.com\/fr\/#website\"},\"datePublished\":\"2021-03-11T16:32:36+00:00\",\"dateModified\":\"2021-03-11T16:57:05+00:00\",\"breadcrumb\":{\"@id\":\"https:\/\/www.selfglobe.com\/fr\/entreprise\/self-globe-dans-le-monde\/#breadcrumb\"},\"inLanguage\":\"fr-FR\",\"potentialAction\":[{\"@type\":\"ReadAction\",\"target\":[\"https:\/\/www.selfglobe.com\/fr\/entreprise\/self-globe-dans-le-monde\/\"]}]},{\"@type\":\"BreadcrumbList\",\"@id\":\"https:\/\/www.selfglobe.com\/fr\/entreprise\/self-globe-dans-le-monde\/#breadcrumb\",\"itemListElement\":[{\"@type\":\"ListItem\",\"position\":1,\"name\":\"Home\",\"item\":\"https:\/\/www.selfglobe.com\/fr\/\"},{\"@type\":\"ListItem\",\"position\":2,\"name\":\"Entreprise\",\"item\":\"https:\/\/www.selfglobe.com\/fr\/entreprise\/\"},{\"@type\":\"ListItem\",\"position\":3,\"name\":\"Self Globe dans le monde\"}]},{\"@type\":\"WebSite\",\"@id\":\"https:\/\/www.selfglobe.com\/fr\/#website\",\"url\":\"https:\/\/www.selfglobe.com\/fr\/\",\"name\":\"Self Globe | D\u00e9veloppement rural et cha\u00eene agroalimentaire\",\"description\":\"D\u00e9veloppement rural et cha\u00eene agroalimentaire\",\"publisher\":{\"@id\":\"https:\/\/www.selfglobe.com\/fr\/#organization\"},\"potentialAction\":[{\"@type\":\"SearchAction\",\"target\":{\"@type\":\"EntryPoint\",\"urlTemplate\":\"https:\/\/www.selfglobe.com\/fr\/?s={search_term_string}\"},\"query-input\":\"required name=search_term_string\"}],\"inLanguage\":\"fr-FR\"},{\"@type\":\"Organization\",\"@id\":\"https:\/\/www.selfglobe.com\/fr\/#organization\",\"name\":\"Self Globe | Sviluppo Rurale e Filiera Agroalimentare\",\"url\":\"https:\/\/www.selfglobe.com\/fr\/\",\"logo\":{\"@type\":\"ImageObject\",\"inLanguage\":\"fr-FR\",\"@id\":\"https:\/\/www.selfglobe.com\/fr\/#\/schema\/logo\/image\/\",\"url\":\"https:\/\/www.selfglobe.com\/wp-content\/uploads\/2022\/02\/logo-seo.jpg\",\"contentUrl\":\"https:\/\/www.selfglobe.com\/wp-content\/uploads\/2022\/02\/logo-seo.jpg\",\"width\":1000,\"height\":600,\"caption\":\"Self Globe | Sviluppo Rurale e Filiera Agroalimentare\"},\"image\":{\"@id\":\"https:\/\/www.selfglobe.com\/fr\/#\/schema\/logo\/image\/\"},\"sameAs\":[\"https:\/\/www.facebook.com\/selfglobe\/\",\"https:\/\/www.instagram.com\/self.globe\/\",\"https:\/\/www.linkedin.com\/company\/self-globe\/\"]}]}<\/script>\n<!-- \/ Yoast SEO plugin. -->","yoast_head_json":{"title":"Self Globe dans le monde - Self Globe | D\u00e9veloppement rural et cha\u00eene agroalimentaire","robots":{"index":"index","follow":"follow","max-snippet":"max-snippet:-1","max-image-preview":"max-image-preview:large","max-video-preview":"max-video-preview:-1"},"canonical":"https:\/\/www.selfglobe.com\/fr\/entreprise\/self-globe-dans-le-monde\/","og_locale":"fr_FR","og_type":"article","og_title":"Self Globe dans le monde - Self Globe | D\u00e9veloppement rural et cha\u00eene agroalimentaire","og_description":"Les grands nombres d&rsquo;un r\u00e9seau international. La r\u00e9putation acquise par Self Globe au fil des...","og_url":"https:\/\/www.selfglobe.com\/fr\/entreprise\/self-globe-dans-le-monde\/","og_site_name":"Self Globe | D\u00e9veloppement rural et cha\u00eene agroalimentaire","article_publisher":"https:\/\/www.facebook.com\/selfglobe\/","article_modified_time":"2021-03-11T16:57:05+00:00","og_image":[{"width":1000,"height":600,"url":"https:\/\/www.selfglobe.com\/wp-content\/uploads\/2022\/02\/logo-seo.jpg","type":"image\/jpeg"}],"twitter_card":"summary_large_image","twitter_misc":{"Dur\u00e9e de lecture estim\u00e9e":"1 minute"},"schema":{"@context":"https:\/\/schema.org","@graph":[{"@type":"WebPage","@id":"https:\/\/www.selfglobe.com\/fr\/entreprise\/self-globe-dans-le-monde\/","url":"https:\/\/www.selfglobe.com\/fr\/entreprise\/self-globe-dans-le-monde\/","name":"Self Globe dans le monde - Self Globe | D\u00e9veloppement rural et cha\u00eene agroalimentaire","isPartOf":{"@id":"https:\/\/www.selfglobe.com\/fr\/#website"},"datePublished":"2021-03-11T16:32:36+00:00","dateModified":"2021-03-11T16:57:05+00:00","breadcrumb":{"@id":"https:\/\/www.selfglobe.com\/fr\/entreprise\/self-globe-dans-le-monde\/#breadcrumb"},"inLanguage":"fr-FR","potentialAction":[{"@type":"ReadAction","target":["https:\/\/www.selfglobe.com\/fr\/entreprise\/self-globe-dans-le-monde\/"]}]},{"@type":"BreadcrumbList","@id":"https:\/\/www.selfglobe.com\/fr\/entreprise\/self-globe-dans-le-monde\/#breadcrumb","itemListElement":[{"@type":"ListItem","position":1,"name":"Home","item":"https:\/\/www.selfglobe.com\/fr\/"},{"@type":"ListItem","position":2,"name":"Entreprise","item":"https:\/\/www.selfglobe.com\/fr\/entreprise\/"},{"@type":"ListItem","position":3,"name":"Self Globe dans le monde"}]},{"@type":"WebSite","@id":"https:\/\/www.selfglobe.com\/fr\/#website","url":"https:\/\/www.selfglobe.com\/fr\/","name":"Self Globe | D\u00e9veloppement rural et cha\u00eene agroalimentaire","description":"D\u00e9veloppement rural et cha\u00eene agroalimentaire","publisher":{"@id":"https:\/\/www.selfglobe.com\/fr\/#organization"},"potentialAction":[{"@type":"SearchAction","target":{"@type":"EntryPoint","urlTemplate":"https:\/\/www.selfglobe.com\/fr\/?s={search_term_string}"},"query-input":"required name=search_term_string"}],"inLanguage":"fr-FR"},{"@type":"Organization","@id":"https:\/\/www.selfglobe.com\/fr\/#organization","name":"Self Globe | Sviluppo Rurale e Filiera Agroalimentare","url":"https:\/\/www.selfglobe.com\/fr\/","logo":{"@type":"ImageObject","inLanguage":"fr-FR","@id":"https:\/\/www.selfglobe.com\/fr\/#\/schema\/logo\/image\/","url":"https:\/\/www.selfglobe.com\/wp-content\/uploads\/2022\/02\/logo-seo.jpg","contentUrl":"https:\/\/www.selfglobe.com\/wp-content\/uploads\/2022\/02\/logo-seo.jpg","width":1000,"height":600,"caption":"Self Globe | Sviluppo Rurale e Filiera Agroalimentare"},"image":{"@id":"https:\/\/www.selfglobe.com\/fr\/#\/schema\/logo\/image\/"},"sameAs":["https:\/\/www.facebook.com\/selfglobe\/","https:\/\/www.instagram.com\/self.globe\/","https:\/\/www.linkedin.com\/company\/self-globe\/"]}]}},"_links":{"self":[{"href":"https:\/\/www.selfglobe.com\/fr\/wp-json\/wp\/v2\/pages\/1643"}],"collection":[{"href":"https:\/\/www.selfglobe.com\/fr\/wp-json\/wp\/v2\/pages"}],"about":[{"href":"https:\/\/www.selfglobe.com\/fr\/wp-json\/wp\/v2\/types\/page"}],"author":[{"embeddable":true,"href":"https:\/\/www.selfglobe.com\/fr\/wp-json\/wp\/v2\/users\/1"}],"replies":[{"embeddable":true,"href":"https:\/\/www.selfglobe.com\/fr\/wp-json\/wp\/v2\/comments?post=1643"}],"version-history":[{"count":11,"href":"https:\/\/www.selfglobe.com\/fr\/wp-json\/wp\/v2\/pages\/1643\/revisions"}],"predecessor-version":[{"id":1657,"href":"https:\/\/www.selfglobe.com\/fr\/wp-json\/wp\/v2\/pages\/1643\/revisions\/1657"}],"up":[{"embeddable":true,"href":"https:\/\/www.selfglobe.com\/fr\/wp-json\/wp\/v2\/pages\/1458"}],"wp:attachment":[{"href":"https:\/\/www.selfglobe.com\/fr\/wp-json\/wp\/v2\/media?parent=1643"}],"curies":[{"name":"wp","href":"https:\/\/api.w.org\/{rel}","templated":true}]}}