{"id":1494,"date":"2021-03-10T11:37:16","date_gmt":"2021-03-10T10:37:16","guid":{"rendered":"https:\/\/www.selfglobe.com\/formation\/tutor\/"},"modified":"2021-03-10T11:37:16","modified_gmt":"2021-03-10T10:37:16","slug":"tutor","status":"publish","type":"page","link":"https:\/\/www.selfglobe.com\/fr\/formation\/tutor\/","title":{"rendered":"Tutor"},"content":{"rendered":"","protected":false},"excerpt":{"rendered":"","protected":false},"author":1,"featured_media":979,"parent":1488,"menu_order":0,"comment_status":"closed","ping_status":"closed","template":"page-templates\/tutor.php","meta":[],"acf":[],"yoast_head":"<!-- This site is optimized with the Yoast SEO plugin v21.8.1 - https:\/\/yoast.com\/wordpress\/plugins\/seo\/ -->\n<title>Tutor - Self Globe | D\u00e9veloppement rural et cha\u00eene agroalimentaire<\/title>\n<meta name=\"description\" content=\"Dans Self Globe, le tuteur de formation est un travailleur du savoir qui, sur la base d&#039;un projet p\u00e9dagogique sp\u00e9cifique, accompagne les apprenants d&#039;une formation dans le processus d&#039;apprentissage en leur offrant tout le soutien dont ils ont besoin.\" \/>\n<meta name=\"robots\" content=\"index, follow, max-snippet:-1, max-image-preview:large, max-video-preview:-1\" \/>\n<link rel=\"canonical\" href=\"https:\/\/www.selfglobe.com\/fr\/formation\/tutor\/\" \/>\n<meta property=\"og:locale\" content=\"fr_FR\" \/>\n<meta property=\"og:type\" content=\"article\" \/>\n<meta property=\"og:title\" content=\"Tutor - Self Globe | D\u00e9veloppement rural et cha\u00eene agroalimentaire\" \/>\n<meta property=\"og:description\" content=\"Dans Self Globe, le tuteur de formation est un travailleur du savoir qui, sur la base d&#039;un projet p\u00e9dagogique sp\u00e9cifique, accompagne les apprenants d&#039;une formation dans le processus d&#039;apprentissage en leur offrant tout le soutien dont ils ont besoin.\" \/>\n<meta property=\"og:url\" content=\"https:\/\/www.selfglobe.com\/fr\/formation\/tutor\/\" \/>\n<meta property=\"og:site_name\" content=\"Self Globe | D\u00e9veloppement rural et cha\u00eene agroalimentaire\" \/>\n<meta property=\"article:publisher\" content=\"https:\/\/www.facebook.com\/selfglobe\/\" \/>\n<meta property=\"og:image\" content=\"https:\/\/www.selfglobe.com\/wp-content\/uploads\/2020\/12\/banner-tutor.jpg\" \/>\n\t<meta property=\"og:image:width\" content=\"1900\" \/>\n\t<meta property=\"og:image:height\" content=\"1260\" \/>\n\t<meta property=\"og:image:type\" content=\"image\/jpeg\" \/>\n<meta name=\"twitter:card\" content=\"summary_large_image\" \/>\n<script type=\"application\/ld+json\" class=\"yoast-schema-graph\">{\"@context\":\"https:\/\/schema.org\",\"@graph\":[{\"@type\":\"WebPage\",\"@id\":\"https:\/\/www.selfglobe.com\/fr\/formation\/tutor\/\",\"url\":\"https:\/\/www.selfglobe.com\/fr\/formation\/tutor\/\",\"name\":\"Tutor - Self Globe | D\u00e9veloppement rural et cha\u00eene agroalimentaire\",\"isPartOf\":{\"@id\":\"https:\/\/www.selfglobe.com\/fr\/#website\"},\"datePublished\":\"2021-03-10T10:37:16+00:00\",\"dateModified\":\"2021-03-10T10:37:16+00:00\",\"description\":\"Dans Self Globe, le tuteur de formation est un travailleur du savoir qui, sur la base d'un projet p\u00e9dagogique sp\u00e9cifique, accompagne les apprenants d'une formation dans le processus d'apprentissage en leur offrant tout le soutien dont ils ont besoin.\",\"breadcrumb\":{\"@id\":\"https:\/\/www.selfglobe.com\/fr\/formation\/tutor\/#breadcrumb\"},\"inLanguage\":\"fr-FR\",\"potentialAction\":[{\"@type\":\"ReadAction\",\"target\":[\"https:\/\/www.selfglobe.com\/fr\/formation\/tutor\/\"]}]},{\"@type\":\"BreadcrumbList\",\"@id\":\"https:\/\/www.selfglobe.com\/fr\/formation\/tutor\/#breadcrumb\",\"itemListElement\":[{\"@type\":\"ListItem\",\"position\":1,\"name\":\"Home\",\"item\":\"https:\/\/www.selfglobe.com\/fr\/\"},{\"@type\":\"ListItem\",\"position\":2,\"name\":\"Formation\",\"item\":\"https:\/\/www.selfglobe.com\/fr\/formation\/\"},{\"@type\":\"ListItem\",\"position\":3,\"name\":\"Tutor\"}]},{\"@type\":\"WebSite\",\"@id\":\"https:\/\/www.selfglobe.com\/fr\/#website\",\"url\":\"https:\/\/www.selfglobe.com\/fr\/\",\"name\":\"Self Globe | D\u00e9veloppement rural et cha\u00eene agroalimentaire\",\"description\":\"D\u00e9veloppement rural et cha\u00eene agroalimentaire\",\"publisher\":{\"@id\":\"https:\/\/www.selfglobe.com\/fr\/#organization\"},\"potentialAction\":[{\"@type\":\"SearchAction\",\"target\":{\"@type\":\"EntryPoint\",\"urlTemplate\":\"https:\/\/www.selfglobe.com\/fr\/?s={search_term_string}\"},\"query-input\":\"required name=search_term_string\"}],\"inLanguage\":\"fr-FR\"},{\"@type\":\"Organization\",\"@id\":\"https:\/\/www.selfglobe.com\/fr\/#organization\",\"name\":\"Self Globe | Sviluppo Rurale e Filiera Agroalimentare\",\"url\":\"https:\/\/www.selfglobe.com\/fr\/\",\"logo\":{\"@type\":\"ImageObject\",\"inLanguage\":\"fr-FR\",\"@id\":\"https:\/\/www.selfglobe.com\/fr\/#\/schema\/logo\/image\/\",\"url\":\"https:\/\/www.selfglobe.com\/wp-content\/uploads\/2022\/02\/logo-seo.jpg\",\"contentUrl\":\"https:\/\/www.selfglobe.com\/wp-content\/uploads\/2022\/02\/logo-seo.jpg\",\"width\":1000,\"height\":600,\"caption\":\"Self Globe | Sviluppo Rurale e Filiera Agroalimentare\"},\"image\":{\"@id\":\"https:\/\/www.selfglobe.com\/fr\/#\/schema\/logo\/image\/\"},\"sameAs\":[\"https:\/\/www.facebook.com\/selfglobe\/\",\"https:\/\/www.instagram.com\/self.globe\/\",\"https:\/\/www.linkedin.com\/company\/self-globe\/\"]}]}<\/script>\n<!-- \/ Yoast SEO plugin. -->","yoast_head_json":{"title":"Tutor - Self Globe | D\u00e9veloppement rural et cha\u00eene agroalimentaire","description":"Dans Self Globe, le tuteur de formation est un travailleur du savoir qui, sur la base d'un projet p\u00e9dagogique sp\u00e9cifique, accompagne les apprenants d'une formation dans le processus d'apprentissage en leur offrant tout le soutien dont ils ont besoin.","robots":{"index":"index","follow":"follow","max-snippet":"max-snippet:-1","max-image-preview":"max-image-preview:large","max-video-preview":"max-video-preview:-1"},"canonical":"https:\/\/www.selfglobe.com\/fr\/formation\/tutor\/","og_locale":"fr_FR","og_type":"article","og_title":"Tutor - Self Globe | D\u00e9veloppement rural et cha\u00eene agroalimentaire","og_description":"Dans Self Globe, le tuteur de formation est un travailleur du savoir qui, sur la base d'un projet p\u00e9dagogique sp\u00e9cifique, accompagne les apprenants d'une formation dans le processus d'apprentissage en leur offrant tout le soutien dont ils ont besoin.","og_url":"https:\/\/www.selfglobe.com\/fr\/formation\/tutor\/","og_site_name":"Self Globe | D\u00e9veloppement rural et cha\u00eene agroalimentaire","article_publisher":"https:\/\/www.facebook.com\/selfglobe\/","og_image":[{"width":1900,"height":1260,"url":"https:\/\/www.selfglobe.com\/wp-content\/uploads\/2020\/12\/banner-tutor.jpg","type":"image\/jpeg"}],"twitter_card":"summary_large_image","schema":{"@context":"https:\/\/schema.org","@graph":[{"@type":"WebPage","@id":"https:\/\/www.selfglobe.com\/fr\/formation\/tutor\/","url":"https:\/\/www.selfglobe.com\/fr\/formation\/tutor\/","name":"Tutor - Self Globe | D\u00e9veloppement rural et cha\u00eene agroalimentaire","isPartOf":{"@id":"https:\/\/www.selfglobe.com\/fr\/#website"},"datePublished":"2021-03-10T10:37:16+00:00","dateModified":"2021-03-10T10:37:16+00:00","description":"Dans Self Globe, le tuteur de formation est un travailleur du savoir qui, sur la base d'un projet p\u00e9dagogique sp\u00e9cifique, accompagne les apprenants d'une formation dans le processus d'apprentissage en leur offrant tout le soutien dont ils ont besoin.","breadcrumb":{"@id":"https:\/\/www.selfglobe.com\/fr\/formation\/tutor\/#breadcrumb"},"inLanguage":"fr-FR","potentialAction":[{"@type":"ReadAction","target":["https:\/\/www.selfglobe.com\/fr\/formation\/tutor\/"]}]},{"@type":"BreadcrumbList","@id":"https:\/\/www.selfglobe.com\/fr\/formation\/tutor\/#breadcrumb","itemListElement":[{"@type":"ListItem","position":1,"name":"Home","item":"https:\/\/www.selfglobe.com\/fr\/"},{"@type":"ListItem","position":2,"name":"Formation","item":"https:\/\/www.selfglobe.com\/fr\/formation\/"},{"@type":"ListItem","position":3,"name":"Tutor"}]},{"@type":"WebSite","@id":"https:\/\/www.selfglobe.com\/fr\/#website","url":"https:\/\/www.selfglobe.com\/fr\/","name":"Self Globe | D\u00e9veloppement rural et cha\u00eene agroalimentaire","description":"D\u00e9veloppement rural et cha\u00eene agroalimentaire","publisher":{"@id":"https:\/\/www.selfglobe.com\/fr\/#organization"},"potentialAction":[{"@type":"SearchAction","target":{"@type":"EntryPoint","urlTemplate":"https:\/\/www.selfglobe.com\/fr\/?s={search_term_string}"},"query-input":"required name=search_term_string"}],"inLanguage":"fr-FR"},{"@type":"Organization","@id":"https:\/\/www.selfglobe.com\/fr\/#organization","name":"Self Globe | Sviluppo Rurale e Filiera Agroalimentare","url":"https:\/\/www.selfglobe.com\/fr\/","logo":{"@type":"ImageObject","inLanguage":"fr-FR","@id":"https:\/\/www.selfglobe.com\/fr\/#\/schema\/logo\/image\/","url":"https:\/\/www.selfglobe.com\/wp-content\/uploads\/2022\/02\/logo-seo.jpg","contentUrl":"https:\/\/www.selfglobe.com\/wp-content\/uploads\/2022\/02\/logo-seo.jpg","width":1000,"height":600,"caption":"Self Globe | Sviluppo Rurale e Filiera Agroalimentare"},"image":{"@id":"https:\/\/www.selfglobe.com\/fr\/#\/schema\/logo\/image\/"},"sameAs":["https:\/\/www.facebook.com\/selfglobe\/","https:\/\/www.instagram.com\/self.globe\/","https:\/\/www.linkedin.com\/company\/self-globe\/"]}]}},"_links":{"self":[{"href":"https:\/\/www.selfglobe.com\/fr\/wp-json\/wp\/v2\/pages\/1494"}],"collection":[{"href":"https:\/\/www.selfglobe.com\/fr\/wp-json\/wp\/v2\/pages"}],"about":[{"href":"https:\/\/www.selfglobe.com\/fr\/wp-json\/wp\/v2\/types\/page"}],"author":[{"embeddable":true,"href":"https:\/\/www.selfglobe.com\/fr\/wp-json\/wp\/v2\/users\/1"}],"replies":[{"embeddable":true,"href":"https:\/\/www.selfglobe.com\/fr\/wp-json\/wp\/v2\/comments?post=1494"}],"version-history":[{"count":0,"href":"https:\/\/www.selfglobe.com\/fr\/wp-json\/wp\/v2\/pages\/1494\/revisions"}],"up":[{"embeddable":true,"href":"https:\/\/www.selfglobe.com\/fr\/wp-json\/wp\/v2\/pages\/1488"}],"wp:featuredmedia":[{"embeddable":true,"href":"https:\/\/www.selfglobe.com\/fr\/wp-json\/wp\/v2\/media\/979"}],"wp:attachment":[{"href":"https:\/\/www.selfglobe.com\/fr\/wp-json\/wp\/v2\/media?parent=1494"}],"curies":[{"name":"wp","href":"https:\/\/api.w.org\/{rel}","templated":true}]}}