{"id":1491,"date":"2021-03-10T11:35:32","date_gmt":"2021-03-10T10:35:32","guid":{"rendered":"https:\/\/www.selfglobe.com\/formation\/methode-de-formation\/"},"modified":"2021-03-10T11:35:32","modified_gmt":"2021-03-10T10:35:32","slug":"methode-de-formation","status":"publish","type":"page","link":"https:\/\/www.selfglobe.com\/fr\/formation\/methode-de-formation\/","title":{"rendered":"M\u00e9thode de formation"},"content":{"rendered":"","protected":false},"excerpt":{"rendered":"","protected":false},"author":1,"featured_media":961,"parent":1488,"menu_order":0,"comment_status":"closed","ping_status":"closed","template":"page-templates\/training-method.php","meta":[],"acf":[],"yoast_head":"<!-- This site is optimized with the Yoast SEO plugin v21.8.1 - https:\/\/yoast.com\/wordpress\/plugins\/seo\/ -->\n<title>M\u00e9thode de formation - Self Globe | D\u00e9veloppement rural et cha\u00eene agroalimentaire<\/title>\n<meta name=\"description\" content=\"Pour nous, chez Self Globe, les ressources humaines font la diff\u00e9rence. Pour faire cro\u00eetre les entreprises, qu&#039;elles soient familiales, moyennes ou grandes et pour red\u00e9couvrir des r\u00f4les importants, il est n\u00e9cessaire d&#039;impliquer un personnel pr\u00e9cieux avec les bonnes comp\u00e9tences.\" \/>\n<meta name=\"robots\" content=\"index, follow, max-snippet:-1, max-image-preview:large, max-video-preview:-1\" \/>\n<link rel=\"canonical\" href=\"https:\/\/www.selfglobe.com\/fr\/formation\/methode-de-formation\/\" \/>\n<meta property=\"og:locale\" content=\"fr_FR\" \/>\n<meta property=\"og:type\" content=\"article\" \/>\n<meta property=\"og:title\" content=\"M\u00e9thode de formation - Self Globe | D\u00e9veloppement rural et cha\u00eene agroalimentaire\" \/>\n<meta property=\"og:description\" content=\"Pour nous, chez Self Globe, les ressources humaines font la diff\u00e9rence. Pour faire cro\u00eetre les entreprises, qu&#039;elles soient familiales, moyennes ou grandes et pour red\u00e9couvrir des r\u00f4les importants, il est n\u00e9cessaire d&#039;impliquer un personnel pr\u00e9cieux avec les bonnes comp\u00e9tences.\" \/>\n<meta property=\"og:url\" content=\"https:\/\/www.selfglobe.com\/fr\/formation\/methode-de-formation\/\" \/>\n<meta property=\"og:site_name\" content=\"Self Globe | D\u00e9veloppement rural et cha\u00eene agroalimentaire\" \/>\n<meta property=\"article:publisher\" content=\"https:\/\/www.facebook.com\/selfglobe\/\" \/>\n<meta property=\"og:image\" content=\"https:\/\/www.selfglobe.com\/wp-content\/uploads\/2020\/12\/banner-formazione.jpg\" \/>\n\t<meta property=\"og:image:width\" content=\"1900\" \/>\n\t<meta property=\"og:image:height\" content=\"1260\" \/>\n\t<meta property=\"og:image:type\" content=\"image\/jpeg\" \/>\n<meta name=\"twitter:card\" content=\"summary_large_image\" \/>\n<script type=\"application\/ld+json\" class=\"yoast-schema-graph\">{\"@context\":\"https:\/\/schema.org\",\"@graph\":[{\"@type\":\"WebPage\",\"@id\":\"https:\/\/www.selfglobe.com\/fr\/formation\/methode-de-formation\/\",\"url\":\"https:\/\/www.selfglobe.com\/fr\/formation\/methode-de-formation\/\",\"name\":\"M\u00e9thode de formation - Self Globe | D\u00e9veloppement rural et cha\u00eene agroalimentaire\",\"isPartOf\":{\"@id\":\"https:\/\/www.selfglobe.com\/fr\/#website\"},\"datePublished\":\"2021-03-10T10:35:32+00:00\",\"dateModified\":\"2021-03-10T10:35:32+00:00\",\"description\":\"Pour nous, chez Self Globe, les ressources humaines font la diff\u00e9rence. Pour faire cro\u00eetre les entreprises, qu'elles soient familiales, moyennes ou grandes et pour red\u00e9couvrir des r\u00f4les importants, il est n\u00e9cessaire d'impliquer un personnel pr\u00e9cieux avec les bonnes comp\u00e9tences.\",\"breadcrumb\":{\"@id\":\"https:\/\/www.selfglobe.com\/fr\/formation\/methode-de-formation\/#breadcrumb\"},\"inLanguage\":\"fr-FR\",\"potentialAction\":[{\"@type\":\"ReadAction\",\"target\":[\"https:\/\/www.selfglobe.com\/fr\/formation\/methode-de-formation\/\"]}]},{\"@type\":\"BreadcrumbList\",\"@id\":\"https:\/\/www.selfglobe.com\/fr\/formation\/methode-de-formation\/#breadcrumb\",\"itemListElement\":[{\"@type\":\"ListItem\",\"position\":1,\"name\":\"Home\",\"item\":\"https:\/\/www.selfglobe.com\/fr\/\"},{\"@type\":\"ListItem\",\"position\":2,\"name\":\"Formation\",\"item\":\"https:\/\/www.selfglobe.com\/fr\/formation\/\"},{\"@type\":\"ListItem\",\"position\":3,\"name\":\"M\u00e9thode de formation\"}]},{\"@type\":\"WebSite\",\"@id\":\"https:\/\/www.selfglobe.com\/fr\/#website\",\"url\":\"https:\/\/www.selfglobe.com\/fr\/\",\"name\":\"Self Globe | D\u00e9veloppement rural et cha\u00eene agroalimentaire\",\"description\":\"D\u00e9veloppement rural et cha\u00eene agroalimentaire\",\"publisher\":{\"@id\":\"https:\/\/www.selfglobe.com\/fr\/#organization\"},\"potentialAction\":[{\"@type\":\"SearchAction\",\"target\":{\"@type\":\"EntryPoint\",\"urlTemplate\":\"https:\/\/www.selfglobe.com\/fr\/?s={search_term_string}\"},\"query-input\":\"required name=search_term_string\"}],\"inLanguage\":\"fr-FR\"},{\"@type\":\"Organization\",\"@id\":\"https:\/\/www.selfglobe.com\/fr\/#organization\",\"name\":\"Self Globe | Sviluppo Rurale e Filiera Agroalimentare\",\"url\":\"https:\/\/www.selfglobe.com\/fr\/\",\"logo\":{\"@type\":\"ImageObject\",\"inLanguage\":\"fr-FR\",\"@id\":\"https:\/\/www.selfglobe.com\/fr\/#\/schema\/logo\/image\/\",\"url\":\"https:\/\/www.selfglobe.com\/wp-content\/uploads\/2022\/02\/logo-seo.jpg\",\"contentUrl\":\"https:\/\/www.selfglobe.com\/wp-content\/uploads\/2022\/02\/logo-seo.jpg\",\"width\":1000,\"height\":600,\"caption\":\"Self Globe | Sviluppo Rurale e Filiera Agroalimentare\"},\"image\":{\"@id\":\"https:\/\/www.selfglobe.com\/fr\/#\/schema\/logo\/image\/\"},\"sameAs\":[\"https:\/\/www.facebook.com\/selfglobe\/\",\"https:\/\/www.instagram.com\/self.globe\/\",\"https:\/\/www.linkedin.com\/company\/self-globe\/\"]}]}<\/script>\n<!-- \/ Yoast SEO plugin. -->","yoast_head_json":{"title":"M\u00e9thode de formation - Self Globe | D\u00e9veloppement rural et cha\u00eene agroalimentaire","description":"Pour nous, chez Self Globe, les ressources humaines font la diff\u00e9rence. Pour faire cro\u00eetre les entreprises, qu'elles soient familiales, moyennes ou grandes et pour red\u00e9couvrir des r\u00f4les importants, il est n\u00e9cessaire d'impliquer un personnel pr\u00e9cieux avec les bonnes comp\u00e9tences.","robots":{"index":"index","follow":"follow","max-snippet":"max-snippet:-1","max-image-preview":"max-image-preview:large","max-video-preview":"max-video-preview:-1"},"canonical":"https:\/\/www.selfglobe.com\/fr\/formation\/methode-de-formation\/","og_locale":"fr_FR","og_type":"article","og_title":"M\u00e9thode de formation - Self Globe | D\u00e9veloppement rural et cha\u00eene agroalimentaire","og_description":"Pour nous, chez Self Globe, les ressources humaines font la diff\u00e9rence. Pour faire cro\u00eetre les entreprises, qu'elles soient familiales, moyennes ou grandes et pour red\u00e9couvrir des r\u00f4les importants, il est n\u00e9cessaire d'impliquer un personnel pr\u00e9cieux avec les bonnes comp\u00e9tences.","og_url":"https:\/\/www.selfglobe.com\/fr\/formation\/methode-de-formation\/","og_site_name":"Self Globe | D\u00e9veloppement rural et cha\u00eene agroalimentaire","article_publisher":"https:\/\/www.facebook.com\/selfglobe\/","og_image":[{"width":1900,"height":1260,"url":"https:\/\/www.selfglobe.com\/wp-content\/uploads\/2020\/12\/banner-formazione.jpg","type":"image\/jpeg"}],"twitter_card":"summary_large_image","schema":{"@context":"https:\/\/schema.org","@graph":[{"@type":"WebPage","@id":"https:\/\/www.selfglobe.com\/fr\/formation\/methode-de-formation\/","url":"https:\/\/www.selfglobe.com\/fr\/formation\/methode-de-formation\/","name":"M\u00e9thode de formation - Self Globe | D\u00e9veloppement rural et cha\u00eene agroalimentaire","isPartOf":{"@id":"https:\/\/www.selfglobe.com\/fr\/#website"},"datePublished":"2021-03-10T10:35:32+00:00","dateModified":"2021-03-10T10:35:32+00:00","description":"Pour nous, chez Self Globe, les ressources humaines font la diff\u00e9rence. Pour faire cro\u00eetre les entreprises, qu'elles soient familiales, moyennes ou grandes et pour red\u00e9couvrir des r\u00f4les importants, il est n\u00e9cessaire d'impliquer un personnel pr\u00e9cieux avec les bonnes comp\u00e9tences.","breadcrumb":{"@id":"https:\/\/www.selfglobe.com\/fr\/formation\/methode-de-formation\/#breadcrumb"},"inLanguage":"fr-FR","potentialAction":[{"@type":"ReadAction","target":["https:\/\/www.selfglobe.com\/fr\/formation\/methode-de-formation\/"]}]},{"@type":"BreadcrumbList","@id":"https:\/\/www.selfglobe.com\/fr\/formation\/methode-de-formation\/#breadcrumb","itemListElement":[{"@type":"ListItem","position":1,"name":"Home","item":"https:\/\/www.selfglobe.com\/fr\/"},{"@type":"ListItem","position":2,"name":"Formation","item":"https:\/\/www.selfglobe.com\/fr\/formation\/"},{"@type":"ListItem","position":3,"name":"M\u00e9thode de formation"}]},{"@type":"WebSite","@id":"https:\/\/www.selfglobe.com\/fr\/#website","url":"https:\/\/www.selfglobe.com\/fr\/","name":"Self Globe | D\u00e9veloppement rural et cha\u00eene agroalimentaire","description":"D\u00e9veloppement rural et cha\u00eene agroalimentaire","publisher":{"@id":"https:\/\/www.selfglobe.com\/fr\/#organization"},"potentialAction":[{"@type":"SearchAction","target":{"@type":"EntryPoint","urlTemplate":"https:\/\/www.selfglobe.com\/fr\/?s={search_term_string}"},"query-input":"required name=search_term_string"}],"inLanguage":"fr-FR"},{"@type":"Organization","@id":"https:\/\/www.selfglobe.com\/fr\/#organization","name":"Self Globe | Sviluppo Rurale e Filiera Agroalimentare","url":"https:\/\/www.selfglobe.com\/fr\/","logo":{"@type":"ImageObject","inLanguage":"fr-FR","@id":"https:\/\/www.selfglobe.com\/fr\/#\/schema\/logo\/image\/","url":"https:\/\/www.selfglobe.com\/wp-content\/uploads\/2022\/02\/logo-seo.jpg","contentUrl":"https:\/\/www.selfglobe.com\/wp-content\/uploads\/2022\/02\/logo-seo.jpg","width":1000,"height":600,"caption":"Self Globe | Sviluppo Rurale e Filiera Agroalimentare"},"image":{"@id":"https:\/\/www.selfglobe.com\/fr\/#\/schema\/logo\/image\/"},"sameAs":["https:\/\/www.facebook.com\/selfglobe\/","https:\/\/www.instagram.com\/self.globe\/","https:\/\/www.linkedin.com\/company\/self-globe\/"]}]}},"_links":{"self":[{"href":"https:\/\/www.selfglobe.com\/fr\/wp-json\/wp\/v2\/pages\/1491"}],"collection":[{"href":"https:\/\/www.selfglobe.com\/fr\/wp-json\/wp\/v2\/pages"}],"about":[{"href":"https:\/\/www.selfglobe.com\/fr\/wp-json\/wp\/v2\/types\/page"}],"author":[{"embeddable":true,"href":"https:\/\/www.selfglobe.com\/fr\/wp-json\/wp\/v2\/users\/1"}],"replies":[{"embeddable":true,"href":"https:\/\/www.selfglobe.com\/fr\/wp-json\/wp\/v2\/comments?post=1491"}],"version-history":[{"count":0,"href":"https:\/\/www.selfglobe.com\/fr\/wp-json\/wp\/v2\/pages\/1491\/revisions"}],"up":[{"embeddable":true,"href":"https:\/\/www.selfglobe.com\/fr\/wp-json\/wp\/v2\/pages\/1488"}],"wp:featuredmedia":[{"embeddable":true,"href":"https:\/\/www.selfglobe.com\/fr\/wp-json\/wp\/v2\/media\/961"}],"wp:attachment":[{"href":"https:\/\/www.selfglobe.com\/fr\/wp-json\/wp\/v2\/media?parent=1491"}],"curies":[{"name":"wp","href":"https:\/\/api.w.org\/{rel}","templated":true}]}}