{"id":1630,"date":"2021-03-11T17:15:42","date_gmt":"2021-03-11T16:15:42","guid":{"rendered":"https:\/\/www.selfglobe.com\/?page_id=1630"},"modified":"2021-03-11T17:31:05","modified_gmt":"2021-03-11T16:31:05","slug":"self-globe-en-todo-el-mundo","status":"publish","type":"page","link":"https:\/\/www.selfglobe.com\/es\/empresa\/self-globe-en-todo-el-mundo\/","title":{"rendered":"Self Globe en todo el mundo"},"content":{"rendered":"\n<p><strong>Los grandes n\u00fameros de una red internacional.<\/strong><\/p>\n\n\n\n<p>La reputaci\u00f3n conquistada por Self Globe a lo largo de los a\u00f1os y en la escena italiana le ha permitido exportar su revolucionario modelo de negocio m\u00e1s all\u00e1 de las fronteras. M\u00e1s de treinta a\u00f1os de experiencia en los sectores tecnol\u00f3gico y agroalimentario han sentado las bases para contar con una red de contactos en todo el mundo (de Asia a Oriente Medio, de Norte a Sudam\u00e9rica, de \u00c1frica a pa\u00edses europeos, etc, etc.) Dos talleres de construcci\u00f3n, una sede registrada y otra enteramente operativa.<\/p>\n\n\n\n<p>Nuestras plantas de procesamiento agroalimentario est\u00e1n presentes tanto en Italia como en el resto del mundo y todos los servicios que ofrecemos van m\u00e1s all\u00e1 del territorio nacional.<\/p>\n","protected":false},"excerpt":{"rendered":"<p>Los grandes n\u00fameros de una red internacional. La reputaci\u00f3n conquistada por Self Globe a lo&#8230;<\/p>\n","protected":false},"author":1,"featured_media":0,"parent":1459,"menu_order":0,"comment_status":"closed","ping_status":"closed","template":"page-templates\/dove.php","meta":[],"acf":[],"yoast_head":"<!-- This site is optimized with the Yoast SEO plugin v21.8.1 - https:\/\/yoast.com\/wordpress\/plugins\/seo\/ -->\n<title>Self Globe en todo el mundo - Self Globe | Desarrollo rural y cadena agroalimentariaSviluppo Rurale e Filiera Agroalimentare<\/title>\n<meta name=\"robots\" content=\"index, follow, max-snippet:-1, max-image-preview:large, max-video-preview:-1\" \/>\n<link rel=\"canonical\" href=\"https:\/\/www.selfglobe.com\/es\/empresa\/self-globe-en-todo-el-mundo\/\" \/>\n<meta property=\"og:locale\" content=\"es_ES\" \/>\n<meta property=\"og:type\" content=\"article\" \/>\n<meta property=\"og:title\" content=\"Self Globe en todo el mundo - Self Globe | Desarrollo rural y cadena agroalimentariaSviluppo Rurale e Filiera Agroalimentare\" \/>\n<meta property=\"og:description\" content=\"Los grandes n\u00fameros de una red internacional. La reputaci\u00f3n conquistada por Self Globe a lo...\" \/>\n<meta property=\"og:url\" content=\"https:\/\/www.selfglobe.com\/es\/empresa\/self-globe-en-todo-el-mundo\/\" \/>\n<meta property=\"og:site_name\" content=\"Self Globe | Desarrollo rural y cadena agroalimentariaSviluppo Rurale e Filiera Agroalimentare\" \/>\n<meta property=\"article:publisher\" content=\"https:\/\/www.facebook.com\/selfglobe\/\" \/>\n<meta property=\"article:modified_time\" content=\"2021-03-11T16:31:05+00:00\" \/>\n<meta property=\"og:image\" content=\"https:\/\/www.selfglobe.com\/wp-content\/uploads\/2022\/02\/logo-seo.jpg\" \/>\n\t<meta property=\"og:image:width\" content=\"1000\" \/>\n\t<meta property=\"og:image:height\" content=\"600\" \/>\n\t<meta property=\"og:image:type\" content=\"image\/jpeg\" \/>\n<meta name=\"twitter:card\" content=\"summary_large_image\" \/>\n<meta name=\"twitter:label1\" content=\"Tiempo de lectura\" \/>\n\t<meta name=\"twitter:data1\" content=\"1 minuto\" \/>\n<script type=\"application\/ld+json\" class=\"yoast-schema-graph\">{\"@context\":\"https:\/\/schema.org\",\"@graph\":[{\"@type\":\"WebPage\",\"@id\":\"https:\/\/www.selfglobe.com\/es\/empresa\/self-globe-en-todo-el-mundo\/\",\"url\":\"https:\/\/www.selfglobe.com\/es\/empresa\/self-globe-en-todo-el-mundo\/\",\"name\":\"Self Globe en todo el mundo - Self Globe | Desarrollo rural y cadena agroalimentariaSviluppo Rurale e Filiera Agroalimentare\",\"isPartOf\":{\"@id\":\"https:\/\/www.selfglobe.com\/fr\/#website\"},\"datePublished\":\"2021-03-11T16:15:42+00:00\",\"dateModified\":\"2021-03-11T16:31:05+00:00\",\"breadcrumb\":{\"@id\":\"https:\/\/www.selfglobe.com\/es\/empresa\/self-globe-en-todo-el-mundo\/#breadcrumb\"},\"inLanguage\":\"es\",\"potentialAction\":[{\"@type\":\"ReadAction\",\"target\":[\"https:\/\/www.selfglobe.com\/es\/empresa\/self-globe-en-todo-el-mundo\/\"]}]},{\"@type\":\"BreadcrumbList\",\"@id\":\"https:\/\/www.selfglobe.com\/es\/empresa\/self-globe-en-todo-el-mundo\/#breadcrumb\",\"itemListElement\":[{\"@type\":\"ListItem\",\"position\":1,\"name\":\"Home\",\"item\":\"https:\/\/www.selfglobe.com\/es\/\"},{\"@type\":\"ListItem\",\"position\":2,\"name\":\"Empresa\",\"item\":\"https:\/\/www.selfglobe.com\/es\/empresa\/\"},{\"@type\":\"ListItem\",\"position\":3,\"name\":\"Self Globe en todo el mundo\"}]},{\"@type\":\"WebSite\",\"@id\":\"https:\/\/www.selfglobe.com\/fr\/#website\",\"url\":\"https:\/\/www.selfglobe.com\/fr\/\",\"name\":\"Self Globe | Desarrollo rural y cadena agroalimentariaSviluppo Rurale e Filiera Agroalimentare\",\"description\":\"Desarrollo rural y cadena agroalimentaria\",\"publisher\":{\"@id\":\"https:\/\/www.selfglobe.com\/fr\/#organization\"},\"potentialAction\":[{\"@type\":\"SearchAction\",\"target\":{\"@type\":\"EntryPoint\",\"urlTemplate\":\"https:\/\/www.selfglobe.com\/fr\/?s={search_term_string}\"},\"query-input\":\"required name=search_term_string\"}],\"inLanguage\":\"es\"},{\"@type\":\"Organization\",\"@id\":\"https:\/\/www.selfglobe.com\/fr\/#organization\",\"name\":\"Self Globe | Sviluppo Rurale e Filiera Agroalimentare\",\"url\":\"https:\/\/www.selfglobe.com\/fr\/\",\"logo\":{\"@type\":\"ImageObject\",\"inLanguage\":\"es\",\"@id\":\"https:\/\/www.selfglobe.com\/fr\/#\/schema\/logo\/image\/\",\"url\":\"https:\/\/www.selfglobe.com\/wp-content\/uploads\/2022\/02\/logo-seo.jpg\",\"contentUrl\":\"https:\/\/www.selfglobe.com\/wp-content\/uploads\/2022\/02\/logo-seo.jpg\",\"width\":1000,\"height\":600,\"caption\":\"Self Globe | Sviluppo Rurale e Filiera Agroalimentare\"},\"image\":{\"@id\":\"https:\/\/www.selfglobe.com\/fr\/#\/schema\/logo\/image\/\"},\"sameAs\":[\"https:\/\/www.facebook.com\/selfglobe\/\",\"https:\/\/www.instagram.com\/self.globe\/\",\"https:\/\/www.linkedin.com\/company\/self-globe\/\"]}]}<\/script>\n<!-- \/ Yoast SEO plugin. -->","yoast_head_json":{"title":"Self Globe en todo el mundo - Self Globe | Desarrollo rural y cadena agroalimentariaSviluppo Rurale e Filiera Agroalimentare","robots":{"index":"index","follow":"follow","max-snippet":"max-snippet:-1","max-image-preview":"max-image-preview:large","max-video-preview":"max-video-preview:-1"},"canonical":"https:\/\/www.selfglobe.com\/es\/empresa\/self-globe-en-todo-el-mundo\/","og_locale":"es_ES","og_type":"article","og_title":"Self Globe en todo el mundo - Self Globe | Desarrollo rural y cadena agroalimentariaSviluppo Rurale e Filiera Agroalimentare","og_description":"Los grandes n\u00fameros de una red internacional. La reputaci\u00f3n conquistada por Self Globe a lo...","og_url":"https:\/\/www.selfglobe.com\/es\/empresa\/self-globe-en-todo-el-mundo\/","og_site_name":"Self Globe | Desarrollo rural y cadena agroalimentariaSviluppo Rurale e Filiera Agroalimentare","article_publisher":"https:\/\/www.facebook.com\/selfglobe\/","article_modified_time":"2021-03-11T16:31:05+00:00","og_image":[{"width":1000,"height":600,"url":"https:\/\/www.selfglobe.com\/wp-content\/uploads\/2022\/02\/logo-seo.jpg","type":"image\/jpeg"}],"twitter_card":"summary_large_image","twitter_misc":{"Tiempo de lectura":"1 minuto"},"schema":{"@context":"https:\/\/schema.org","@graph":[{"@type":"WebPage","@id":"https:\/\/www.selfglobe.com\/es\/empresa\/self-globe-en-todo-el-mundo\/","url":"https:\/\/www.selfglobe.com\/es\/empresa\/self-globe-en-todo-el-mundo\/","name":"Self Globe en todo el mundo - Self Globe | Desarrollo rural y cadena agroalimentariaSviluppo Rurale e Filiera Agroalimentare","isPartOf":{"@id":"https:\/\/www.selfglobe.com\/fr\/#website"},"datePublished":"2021-03-11T16:15:42+00:00","dateModified":"2021-03-11T16:31:05+00:00","breadcrumb":{"@id":"https:\/\/www.selfglobe.com\/es\/empresa\/self-globe-en-todo-el-mundo\/#breadcrumb"},"inLanguage":"es","potentialAction":[{"@type":"ReadAction","target":["https:\/\/www.selfglobe.com\/es\/empresa\/self-globe-en-todo-el-mundo\/"]}]},{"@type":"BreadcrumbList","@id":"https:\/\/www.selfglobe.com\/es\/empresa\/self-globe-en-todo-el-mundo\/#breadcrumb","itemListElement":[{"@type":"ListItem","position":1,"name":"Home","item":"https:\/\/www.selfglobe.com\/es\/"},{"@type":"ListItem","position":2,"name":"Empresa","item":"https:\/\/www.selfglobe.com\/es\/empresa\/"},{"@type":"ListItem","position":3,"name":"Self Globe en todo el mundo"}]},{"@type":"WebSite","@id":"https:\/\/www.selfglobe.com\/fr\/#website","url":"https:\/\/www.selfglobe.com\/fr\/","name":"Self Globe | Desarrollo rural y cadena agroalimentariaSviluppo Rurale e Filiera Agroalimentare","description":"Desarrollo rural y cadena agroalimentaria","publisher":{"@id":"https:\/\/www.selfglobe.com\/fr\/#organization"},"potentialAction":[{"@type":"SearchAction","target":{"@type":"EntryPoint","urlTemplate":"https:\/\/www.selfglobe.com\/fr\/?s={search_term_string}"},"query-input":"required name=search_term_string"}],"inLanguage":"es"},{"@type":"Organization","@id":"https:\/\/www.selfglobe.com\/fr\/#organization","name":"Self Globe | Sviluppo Rurale e Filiera Agroalimentare","url":"https:\/\/www.selfglobe.com\/fr\/","logo":{"@type":"ImageObject","inLanguage":"es","@id":"https:\/\/www.selfglobe.com\/fr\/#\/schema\/logo\/image\/","url":"https:\/\/www.selfglobe.com\/wp-content\/uploads\/2022\/02\/logo-seo.jpg","contentUrl":"https:\/\/www.selfglobe.com\/wp-content\/uploads\/2022\/02\/logo-seo.jpg","width":1000,"height":600,"caption":"Self Globe | Sviluppo Rurale e Filiera Agroalimentare"},"image":{"@id":"https:\/\/www.selfglobe.com\/fr\/#\/schema\/logo\/image\/"},"sameAs":["https:\/\/www.facebook.com\/selfglobe\/","https:\/\/www.instagram.com\/self.globe\/","https:\/\/www.linkedin.com\/company\/self-globe\/"]}]}},"_links":{"self":[{"href":"https:\/\/www.selfglobe.com\/es\/wp-json\/wp\/v2\/pages\/1630"}],"collection":[{"href":"https:\/\/www.selfglobe.com\/es\/wp-json\/wp\/v2\/pages"}],"about":[{"href":"https:\/\/www.selfglobe.com\/es\/wp-json\/wp\/v2\/types\/page"}],"author":[{"embeddable":true,"href":"https:\/\/www.selfglobe.com\/es\/wp-json\/wp\/v2\/users\/1"}],"replies":[{"embeddable":true,"href":"https:\/\/www.selfglobe.com\/es\/wp-json\/wp\/v2\/comments?post=1630"}],"version-history":[{"count":8,"href":"https:\/\/www.selfglobe.com\/es\/wp-json\/wp\/v2\/pages\/1630\/revisions"}],"predecessor-version":[{"id":1642,"href":"https:\/\/www.selfglobe.com\/es\/wp-json\/wp\/v2\/pages\/1630\/revisions\/1642"}],"up":[{"embeddable":true,"href":"https:\/\/www.selfglobe.com\/es\/wp-json\/wp\/v2\/pages\/1459"}],"wp:attachment":[{"href":"https:\/\/www.selfglobe.com\/es\/wp-json\/wp\/v2\/media?parent=1630"}],"curies":[{"name":"wp","href":"https:\/\/api.w.org\/{rel}","templated":true}]}}